{"id":734,"date":"2023-03-01T13:40:49","date_gmt":"2023-03-01T13:40:49","guid":{"rendered":"https:\/\/odorizzi.pro\/?page_id=734"},"modified":"2024-05-22T13:58:44","modified_gmt":"2024-05-22T13:58:44","slug":"la-grande-bellezza-italiana","status":"publish","type":"page","link":"https:\/\/odorizzi.pro\/index.php\/la-grande-bellezza-italiana\/","title":{"rendered":"la Grande Bellezza Italiana"},"content":{"rendered":"\n<p>La Grande Bellezza Italiana ha nel proprio paniere i migliori prodotti ortofrutticoli italiani, grazie al rapporto consolidato nel tempo con i nostri produttori agricoli.  <\/p>\n\n\n\n<p>Coltiviamo passioni per la Terra, la natura, i nostri prodotti e le persone.<\/p>\n\n\n\n<p>Crediamo nell&#8217;ascolto, nell&#8217;autenticit\u00e0, nella gratitudine, nel rispetto e nella responsabilit\u00e0.<\/p>\n\n\n\n<p>Il nostro sogno \u00e8 far emozionare ogni persona che assaggia il frutto del nostro impegno e contagiarla con le nostre passioni. <\/p>\n\n\n\n<p>MISSIONE: Coltiviamo secondo  pratiche agricole  sostenibili.  <\/p>\n\n\n\n<p>VISIONE: Raccogliamo nel rispetto  dei tempi di maturazione.  <\/p>\n\n\n\n<p>VALORE: Produciamo ortofrutta  gustosa, salubre con una  lunga shelf-life.  <\/p>\n\n\n\n<p><a href=\"https:\/\/odorizzi.pro\/wp-content\/uploads\/2024\/05\/Brochure-aziendale_la-Grande-Bellezza-Italiana.pdf\" data-type=\"link\" data-id=\"https:\/\/odorizzi.pro\/wp-content\/uploads\/2024\/05\/Brochure-aziendale_la-Grande-Bellezza-Italiana.pdf\">BROCHURE DI PRESENTAZIONE AZIENDALE &#8211; Italiano<\/a><\/p>\n\n\n\n<p><a href=\"https:\/\/odorizzi.pro\/wp-content\/uploads\/2024\/05\/ENG_Brochure-aziendale_la-Grande-Bellezza-Italiana.pdf\" data-type=\"link\" data-id=\"https:\/\/odorizzi.pro\/wp-content\/uploads\/2024\/05\/ENG_Brochure-aziendale_la-Grande-Bellezza-Italiana.pdf\">BROCHURE DI PRESENTAZIONE AZIENDALE &#8211; Inglese<\/a><\/p>\n\n\n\n<p><a href=\"https:\/\/odorizzi.pro\/wp-content\/uploads\/2023\/11\/Brochure-prodotti_06.11.2023.pdf\">BROCHURE DEI PRODOTTI &#8211; Italiano<\/a><\/p>\n\n\n\n<p><a href=\"https:\/\/odorizzi.pro\/wp-content\/uploads\/2024\/05\/ENG_Brochure-prodotti_la-Grande-Bellezza-Italiana.pdf\" data-type=\"link\" data-id=\"https:\/\/odorizzi.pro\/wp-content\/uploads\/2024\/05\/ENG_Brochure-prodotti_la-Grande-Bellezza-Italiana.pdf\">BROCHURE DEI PRODOTTI &#8211; Inglese<\/a><\/p>\n\n\n\n<p><a href=\"https:\/\/www.lagrandebellezzaitaliana.it\/\" data-type=\"link\" data-id=\"https:\/\/www.lagrandebellezzaitaliana.it\/\">Sito ufficiale<\/a><\/p>\n","protected":false},"excerpt":{"rendered":"<p>La Grande Bellezza Italiana ha nel proprio paniere i migliori prodotti ortofrutticoli italiani, grazie al rapporto consolidato nel tempo con i nostri produttori agricoli. Coltiviamo passioni per la Terra, la natura, i nostri prodotti e le persone. Crediamo nell&#8217;ascolto, nell&#8217;autenticit\u00e0, nella gratitudine, nel rispetto e nella responsabilit\u00e0. Il nostro sogno \u00e8 far emozionare ogni persona &hellip; <\/p>\n<p class=\"link-more\"><a href=\"https:\/\/odorizzi.pro\/index.php\/la-grande-bellezza-italiana\/\" class=\"more-link\">Leggi tutto<span class=\"screen-reader-text\"> &#8220;la Grande Bellezza Italiana&#8221;<\/span><\/a><\/p>\n","protected":false},"author":1,"featured_media":0,"parent":0,"menu_order":0,"comment_status":"closed","ping_status":"closed","template":"","meta":{"footnotes":""},"_links":{"self":[{"href":"https:\/\/odorizzi.pro\/index.php\/wp-json\/wp\/v2\/pages\/734"}],"collection":[{"href":"https:\/\/odorizzi.pro\/index.php\/wp-json\/wp\/v2\/pages"}],"about":[{"href":"https:\/\/odorizzi.pro\/index.php\/wp-json\/wp\/v2\/types\/page"}],"author":[{"embeddable":true,"href":"https:\/\/odorizzi.pro\/index.php\/wp-json\/wp\/v2\/users\/1"}],"replies":[{"embeddable":true,"href":"https:\/\/odorizzi.pro\/index.php\/wp-json\/wp\/v2\/comments?post=734"}],"version-history":[{"count":18,"href":"https:\/\/odorizzi.pro\/index.php\/wp-json\/wp\/v2\/pages\/734\/revisions"}],"predecessor-version":[{"id":956,"href":"https:\/\/odorizzi.pro\/index.php\/wp-json\/wp\/v2\/pages\/734\/revisions\/956"}],"wp:attachment":[{"href":"https:\/\/odorizzi.pro\/index.php\/wp-json\/wp\/v2\/media?parent=734"}],"curies":[{"name":"wp","href":"https:\/\/api.w.org\/{rel}","templated":true}]}}